{"id":48,"date":"2023-05-11T10:37:29","date_gmt":"2023-05-11T10:37:29","guid":{"rendered":"https:\/\/lisbonpubliclaw.pt\/?page_id=48"},"modified":"2023-05-11T10:47:12","modified_gmt":"2023-05-11T10:47:12","slug":"termos-e-condicoes","status":"publish","type":"page","link":"https:\/\/lisbonpubliclaw.pt\/en\/termos-e-condicoes\/","title":{"rendered":"Termos e Condi\u00e7\u00f5es"},"content":{"rendered":"<div data-elementor-type=\"wp-page\" data-elementor-id=\"48\" class=\"elementor elementor-48\" data-elementor-post-type=\"page\">\n\t\t\t\t\t\t<section class=\"elementor-section elementor-top-section elementor-element elementor-element-5380c6fb elementor-section-boxed elementor-section-height-default elementor-section-height-default\" data-id=\"5380c6fb\" data-element_type=\"section\" data-settings=\"{&quot;jet_parallax_layout_list&quot;:[]}\">\n\t\t\t\t\t\t<div class=\"elementor-container elementor-column-gap-default\">\n\t\t\t\t\t<div class=\"elementor-column elementor-col-100 elementor-top-column elementor-element elementor-element-45d22c2a\" data-id=\"45d22c2a\" data-element_type=\"column\">\n\t\t\t<div class=\"elementor-widget-wrap elementor-element-populated\">\n\t\t\t\t\t\t<div class=\"elementor-element elementor-element-bf4c473 elementor-widget elementor-widget-heading\" data-id=\"bf4c473\" data-element_type=\"widget\" data-widget_type=\"heading.default\">\n\t\t\t\t<div class=\"elementor-widget-container\">\n\t\t\t<h2 class=\"elementor-heading-title elementor-size-default\">Termos e Condi\u00e7\u00f5es<\/h2>\t\t<\/div>\n\t\t\t\t<\/div>\n\t\t\t\t<div class=\"elementor-element elementor-element-4f91df41 elementor-widget elementor-widget-text-editor\" data-id=\"4f91df41\" data-element_type=\"widget\" data-widget_type=\"text-editor.default\">\n\t\t\t\t<div class=\"elementor-widget-container\">\n\t\t\t\t\t\t\t<!-- wp:heading -->\n<p>O Instituto de Ci\u00eancias Jur\u00eddico-Pol\u00edticas (doravante \u201cICJP\u201d) disponibiliza neste portal que administra informa\u00e7\u00e3o que se pretende que esteja permanentemente exacta e actualizada e diligenciar\u00e1 pela correc\u00e7\u00e3o de todos os erros que lhe forem assinalados.<\/p>\n<p>Todos os textos, conte\u00fados e imagens deste portal pertencem ao ICJP, salvo outra indica\u00e7\u00e3o, encontrando-se protegidos por lei. \u00c9 autorizado o download e armazenamento do conte\u00fado destas p\u00e1ginas.<\/p>\n<p>A informa\u00e7\u00e3o dispon\u00edvel neste portal poder\u00e1 ser utilizada apenas mediante men\u00e7\u00e3o da respectiva fonte de informa\u00e7\u00e3o, indicando-se o ICJP e a URL dos conte\u00fados espec\u00edficos, sendo, no entanto, proibida a sua utiliza\u00e7\u00e3o para fins comerciais ou ofensivos.<\/p>\n<p>S\u00e3o referenciadas liga\u00e7\u00f5es a outras p\u00e1ginas, sobre as quais o ICJP n\u00e3o exerce qualquer controlo, isentando-se de qualquer responsabilidade pela qualidade ou autenticidade das afirma\u00e7\u00f5es reproduzidas nessas p\u00e1ginas para onde remetem as liga\u00e7\u00f5es de hipertexto, presentes neste website, bem como das p\u00e1ginas com ele ligadas ou nelas referidas.<\/p>\n<p>A navega\u00e7\u00e3o atrav\u00e9s do presente portal n\u00e3o implica, inevitavelmente, o fornecimento de dados pessoais. Contudo, o ICJP disponibiliza, atrav\u00e9s do presente portal, formul\u00e1rios de inscri\u00e7\u00e3o on-line. O preenchimento dos referidos formul\u00e1rios requer o provimento de dados pessoais, sendo os mesmos processados automaticamente pelo ICJP, e utilizados nos estritos termos neles previstos. O ICJP garante a privacidade e protec\u00e7\u00e3o dos dados registados pelos seus utilizadores. Para quaisquer quest\u00f5es atinentes ao tratamento dos dados facultados, sua actualiza\u00e7\u00e3o, correc\u00e7\u00e3o ou elimina\u00e7\u00e3o, pede-se o favor de nos contactar em icjp@fd.ul.pt.<\/p>\n<p>O ICJP n\u00e3o se responsabiliza por danos provenientes de v\u00edrus que venham a infectar o computador ou a rede do Utilizador, no seguimento do acesso ao portal do ICJP e consequente transfer\u00eancia de conte\u00fados deste portal para o computador ou rede do Utilizador.<\/p>\n<p>O presente Portal rege-se pela Lei portuguesa.<\/p>\n<!-- \/wp:paragraph -->\t\t\t\t\t\t<\/div>\n\t\t\t\t<\/div>\n\t\t\t\t\t<\/div>\n\t\t<\/div>\n\t\t\t\t\t<\/div>\n\t\t<\/section>\n\t\t\t\t<\/div>","protected":false},"excerpt":{"rendered":"<p>O Instituto de Ci\u00eancias Jur\u00eddico-Pol\u00edticas (doravante \u201cICJP\u201d) disponibiliza neste portal que administra informa\u00e7\u00e3o que se pretende que esteja permanentemente exacta e actualizada e diligenciar\u00e1 pela correc\u00e7\u00e3o de todos os erros que lhe forem assinalados. Todos os textos, conte\u00fados e imagens deste portal pertencem ao ICJP, salvo outra indica\u00e7\u00e3o, encontrando-se protegidos por lei. \u00c9 autorizado o [&hellip;]<\/p>\n","protected":false},"author":1,"featured_media":0,"parent":0,"menu_order":0,"comment_status":"closed","ping_status":"closed","template":"elementor_header_footer","meta":{"footnotes":""},"cluster":[],"grupo-de-investigacao":[],"class_list":["post-48","page","type-page","status-publish","hentry"],"yoast_head":"<!-- This site is optimized with the Yoast SEO plugin v27.5 - https:\/\/yoast.com\/product\/yoast-seo-wordpress\/ -->\n<title>Termos e Condi\u00e7\u00f5es - Lisbon Public Law<\/title>\n<meta name=\"robots\" content=\"index, follow, max-snippet:-1, max-image-preview:large, max-video-preview:-1\" \/>\n<link rel=\"canonical\" href=\"https:\/\/lisbonpubliclaw.pt\/en\/termos-e-condicoes\/\" \/>\n<meta property=\"og:locale\" content=\"en_US\" \/>\n<meta property=\"og:type\" content=\"article\" \/>\n<meta property=\"og:title\" content=\"Termos e Condi\u00e7\u00f5es - Lisbon Public Law\" \/>\n<meta property=\"og:description\" content=\"O Instituto de Ci\u00eancias Jur\u00eddico-Pol\u00edticas (doravante \u201cICJP\u201d) disponibiliza neste portal que administra informa\u00e7\u00e3o que se pretende que esteja permanentemente exacta e actualizada e diligenciar\u00e1 pela correc\u00e7\u00e3o de todos os erros que lhe forem assinalados. Todos os textos, conte\u00fados e imagens deste portal pertencem ao ICJP, salvo outra indica\u00e7\u00e3o, encontrando-se protegidos por lei. \u00c9 autorizado o [&hellip;]\" \/>\n<meta property=\"og:url\" content=\"https:\/\/lisbonpubliclaw.pt\/en\/termos-e-condicoes\/\" \/>\n<meta property=\"og:site_name\" content=\"Lisbon Public Law\" \/>\n<meta property=\"article:modified_time\" content=\"2023-05-11T10:47:12+00:00\" \/>\n<meta name=\"twitter:card\" content=\"summary_large_image\" \/>\n<meta name=\"twitter:label1\" content=\"Est. reading time\" \/>\n\t<meta name=\"twitter:data1\" content=\"2 minutes\" \/>\n<script type=\"application\/ld+json\" class=\"yoast-schema-graph\">{\"@context\":\"https:\\\/\\\/schema.org\",\"@graph\":[{\"@type\":\"WebPage\",\"@id\":\"https:\\\/\\\/lisbonpubliclaw.pt\\\/termos-e-condicoes\\\/\",\"url\":\"https:\\\/\\\/lisbonpubliclaw.pt\\\/termos-e-condicoes\\\/\",\"name\":\"Termos e Condi\u00e7\u00f5es - Lisbon Public Law\",\"isPartOf\":{\"@id\":\"https:\\\/\\\/lisbonpubliclaw.pt\\\/#website\"},\"datePublished\":\"2023-05-11T10:37:29+00:00\",\"dateModified\":\"2023-05-11T10:47:12+00:00\",\"breadcrumb\":{\"@id\":\"https:\\\/\\\/lisbonpubliclaw.pt\\\/termos-e-condicoes\\\/#breadcrumb\"},\"inLanguage\":\"en-US\",\"potentialAction\":[{\"@type\":\"ReadAction\",\"target\":[\"https:\\\/\\\/lisbonpubliclaw.pt\\\/termos-e-condicoes\\\/\"]}]},{\"@type\":\"BreadcrumbList\",\"@id\":\"https:\\\/\\\/lisbonpubliclaw.pt\\\/termos-e-condicoes\\\/#breadcrumb\",\"itemListElement\":[{\"@type\":\"ListItem\",\"position\":1,\"name\":\"Home\",\"item\":\"https:\\\/\\\/lisbonpubliclaw.pt\\\/\"},{\"@type\":\"ListItem\",\"position\":2,\"name\":\"Termos e Condi\u00e7\u00f5es\"}]},{\"@type\":\"WebSite\",\"@id\":\"https:\\\/\\\/lisbonpubliclaw.pt\\\/#website\",\"url\":\"https:\\\/\\\/lisbonpubliclaw.pt\\\/\",\"name\":\"Lisbon Public Law\",\"description\":\"Public Law Research Centre in Lisbon\",\"publisher\":{\"@id\":\"https:\\\/\\\/lisbonpubliclaw.pt\\\/#organization\"},\"potentialAction\":[{\"@type\":\"SearchAction\",\"target\":{\"@type\":\"EntryPoint\",\"urlTemplate\":\"https:\\\/\\\/lisbonpubliclaw.pt\\\/?s={search_term_string}\"},\"query-input\":{\"@type\":\"PropertyValueSpecification\",\"valueRequired\":true,\"valueName\":\"search_term_string\"}}],\"inLanguage\":\"en-US\"},{\"@type\":\"Organization\",\"@id\":\"https:\\\/\\\/lisbonpubliclaw.pt\\\/#organization\",\"name\":\"Lisbon Public Law\",\"url\":\"https:\\\/\\\/lisbonpubliclaw.pt\\\/\",\"logo\":{\"@type\":\"ImageObject\",\"inLanguage\":\"en-US\",\"@id\":\"https:\\\/\\\/lisbonpubliclaw.pt\\\/#\\\/schema\\\/logo\\\/image\\\/\",\"url\":\"https:\\\/\\\/lisbonpubliclaw.pt\\\/wp-content\\\/uploads\\\/2023\\\/06\\\/WhatsApp-Image-2023-06-19-at-11.01.50-1.jpeg\",\"contentUrl\":\"https:\\\/\\\/lisbonpubliclaw.pt\\\/wp-content\\\/uploads\\\/2023\\\/06\\\/WhatsApp-Image-2023-06-19-at-11.01.50-1.jpeg\",\"width\":354,\"height\":354,\"caption\":\"Lisbon Public Law\"},\"image\":{\"@id\":\"https:\\\/\\\/lisbonpubliclaw.pt\\\/#\\\/schema\\\/logo\\\/image\\\/\"}}]}<\/script>\n<!-- \/ Yoast SEO plugin. -->","yoast_head_json":{"title":"Termos e Condi\u00e7\u00f5es - Lisbon Public Law","robots":{"index":"index","follow":"follow","max-snippet":"max-snippet:-1","max-image-preview":"max-image-preview:large","max-video-preview":"max-video-preview:-1"},"canonical":"https:\/\/lisbonpubliclaw.pt\/en\/termos-e-condicoes\/","og_locale":"en_US","og_type":"article","og_title":"Termos e Condi\u00e7\u00f5es - Lisbon Public Law","og_description":"O Instituto de Ci\u00eancias Jur\u00eddico-Pol\u00edticas (doravante \u201cICJP\u201d) disponibiliza neste portal que administra informa\u00e7\u00e3o que se pretende que esteja permanentemente exacta e actualizada e diligenciar\u00e1 pela correc\u00e7\u00e3o de todos os erros que lhe forem assinalados. Todos os textos, conte\u00fados e imagens deste portal pertencem ao ICJP, salvo outra indica\u00e7\u00e3o, encontrando-se protegidos por lei. \u00c9 autorizado o [&hellip;]","og_url":"https:\/\/lisbonpubliclaw.pt\/en\/termos-e-condicoes\/","og_site_name":"Lisbon Public Law","article_modified_time":"2023-05-11T10:47:12+00:00","twitter_card":"summary_large_image","twitter_misc":{"Est. reading time":"2 minutes"},"schema":{"@context":"https:\/\/schema.org","@graph":[{"@type":"WebPage","@id":"https:\/\/lisbonpubliclaw.pt\/termos-e-condicoes\/","url":"https:\/\/lisbonpubliclaw.pt\/termos-e-condicoes\/","name":"Termos e Condi\u00e7\u00f5es - Lisbon Public Law","isPartOf":{"@id":"https:\/\/lisbonpubliclaw.pt\/#website"},"datePublished":"2023-05-11T10:37:29+00:00","dateModified":"2023-05-11T10:47:12+00:00","breadcrumb":{"@id":"https:\/\/lisbonpubliclaw.pt\/termos-e-condicoes\/#breadcrumb"},"inLanguage":"en-US","potentialAction":[{"@type":"ReadAction","target":["https:\/\/lisbonpubliclaw.pt\/termos-e-condicoes\/"]}]},{"@type":"BreadcrumbList","@id":"https:\/\/lisbonpubliclaw.pt\/termos-e-condicoes\/#breadcrumb","itemListElement":[{"@type":"ListItem","position":1,"name":"Home","item":"https:\/\/lisbonpubliclaw.pt\/"},{"@type":"ListItem","position":2,"name":"Termos e Condi\u00e7\u00f5es"}]},{"@type":"WebSite","@id":"https:\/\/lisbonpubliclaw.pt\/#website","url":"https:\/\/lisbonpubliclaw.pt\/","name":"Lisbon Public Law","description":"Public Law Research Centre in Lisbon","publisher":{"@id":"https:\/\/lisbonpubliclaw.pt\/#organization"},"potentialAction":[{"@type":"SearchAction","target":{"@type":"EntryPoint","urlTemplate":"https:\/\/lisbonpubliclaw.pt\/?s={search_term_string}"},"query-input":{"@type":"PropertyValueSpecification","valueRequired":true,"valueName":"search_term_string"}}],"inLanguage":"en-US"},{"@type":"Organization","@id":"https:\/\/lisbonpubliclaw.pt\/#organization","name":"Lisbon Public Law","url":"https:\/\/lisbonpubliclaw.pt\/","logo":{"@type":"ImageObject","inLanguage":"en-US","@id":"https:\/\/lisbonpubliclaw.pt\/#\/schema\/logo\/image\/","url":"https:\/\/lisbonpubliclaw.pt\/wp-content\/uploads\/2023\/06\/WhatsApp-Image-2023-06-19-at-11.01.50-1.jpeg","contentUrl":"https:\/\/lisbonpubliclaw.pt\/wp-content\/uploads\/2023\/06\/WhatsApp-Image-2023-06-19-at-11.01.50-1.jpeg","width":354,"height":354,"caption":"Lisbon Public Law"},"image":{"@id":"https:\/\/lisbonpubliclaw.pt\/#\/schema\/logo\/image\/"}}]}},"_links":{"self":[{"href":"https:\/\/lisbonpubliclaw.pt\/en\/wp-json\/wp\/v2\/pages\/48","targetHints":{"allow":["GET"]}}],"collection":[{"href":"https:\/\/lisbonpubliclaw.pt\/en\/wp-json\/wp\/v2\/pages"}],"about":[{"href":"https:\/\/lisbonpubliclaw.pt\/en\/wp-json\/wp\/v2\/types\/page"}],"author":[{"embeddable":true,"href":"https:\/\/lisbonpubliclaw.pt\/en\/wp-json\/wp\/v2\/users\/1"}],"replies":[{"embeddable":true,"href":"https:\/\/lisbonpubliclaw.pt\/en\/wp-json\/wp\/v2\/comments?post=48"}],"version-history":[{"count":7,"href":"https:\/\/lisbonpubliclaw.pt\/en\/wp-json\/wp\/v2\/pages\/48\/revisions"}],"predecessor-version":[{"id":63,"href":"https:\/\/lisbonpubliclaw.pt\/en\/wp-json\/wp\/v2\/pages\/48\/revisions\/63"}],"wp:attachment":[{"href":"https:\/\/lisbonpubliclaw.pt\/en\/wp-json\/wp\/v2\/media?parent=48"}],"wp:term":[{"taxonomy":"cluster","embeddable":true,"href":"https:\/\/lisbonpubliclaw.pt\/en\/wp-json\/wp\/v2\/cluster?post=48"},{"taxonomy":"grupo-de-investigacao","embeddable":true,"href":"https:\/\/lisbonpubliclaw.pt\/en\/wp-json\/wp\/v2\/grupo-de-investigacao?post=48"}],"curies":[{"name":"wp","href":"https:\/\/api.w.org\/{rel}","templated":true}]}}